{"id":273,"date":"2024-03-12T16:54:11","date_gmt":"2024-03-12T15:54:11","guid":{"rendered":"https:\/\/btb-dwb.srv06.danubeweb.at\/muenchen2024\/?page_id=273"},"modified":"2026-01-24T15:07:00","modified_gmt":"2026-01-24T14:07:00","slug":"home","status":"publish","type":"page","link":"https:\/\/btb.cc\/muenchen2026\/en\/","title":{"rendered":"Home"},"content":{"rendered":"<h1>BTB &#8211; BUS TRAVEL BUSINESS WORKSHOP M\u00dcNCHEN<\/h1>\n\t<h4>Das Profil des B.T.B. &#8211; Bus.Travel.Business. &#8211; Workshops<\/h4>\n<p>&nbsp;<\/p>\n<p>Der B.T.B. &#8211; Bus.Travel.Business. Workshop, ist in \u00d6sterreich nach mittlerweile 24 Jahren bereits zu einen Fixpunkt im Messekalender geworden. 2013 brachten wir das Messekonzept erstmals nach Deutschland. Nach den gro\u00dfen Erfolgen der vergangenen Jahre findet der BTB Workshop S\u00fcddeutschland nun bereits zum 14. Mal statt. Der Austragungsort f\u00fcr den Workshop und den anschlie\u00dfenden Workshopabends 2026 ist die Allianz Arena in M\u00fcnchen. Vor dem Workshop planen wir exklusive F\u00fchrungen durch die Allianz Arena und das neu gestaltete Bayern M\u00fcnchen Museum.<\/p>\n<p>&nbsp;<\/p>\n<ul>\n<li>is the platform for the whole European bus touristic branch with focus on Germany, Austria, Switzerland, the Czech Republic and Slovenia complete with all Delivery- and Service branches.\n[more details | facts &amp; figures...]<br \/>\n[<a href=\"https:\/\/btb.cc\/muenchen2026\/en\/location\/\">mehr zu den Details<\/a>\u00a0|\u00a0<a href=\"#datenundfakten\">mehr zu Daten und Fakten der BTB<\/a>&#8230;]<\/li>\n<li>offers the ideal platform for all exhibitors in the European region, especially bus- and group tour operators from this economical intense region to acquire customers or to maintain contact with already existing contacts.<br \/>\n[<a href=\"https:\/\/btb.cc\/muenchen2026\/en\/idee-und-vorteile\/\">mehr zu Idee der BTB&#8230;<\/a>]<\/li>\n<li>stellt die ideale Erg\u00e4nzung zum derzeitigen Angebot an Messen, Workshops und Ausstellungen dar &#8211; mit pers\u00f6nlicherer Note, entspannter Atmosph\u00e4re in einer einzigartigen Location, qualitativ hochwertigen Kontakten und guter Kommunikation.<br \/>\n[<a href=\"https:\/\/btb.cc\/muenchen2026\/en\/idee-und-vorteile\/\">mehr zu den Vorteilen der BTB&#8230;<\/a>]<\/li>\n<\/ul>\n\t<a href=\"https:\/\/btb.cc\/muenchen2026\/wp-content\/uploads\/sites\/18\/2026\/01\/Detailinformationen2026MuenchenD-und-Antwort.pdf\" target=\"_self\" role=\"button\" download=\"Detailinformationen2026MuenchenD-und-Antwort.pdf\" aria-label=\"Anmeldeformular downloaden (DE)\" rel=\"noopener\">\n\t\t\t\t\t\tAnmeldeformular downloaden (DE)\n\t\t\t\t\t<\/a>\n\t<a href=\"https:\/\/btb.cc\/muenchen2026\/wp-content\/uploads\/sites\/18\/2026\/01\/Detailinformationen2026MuenchenD-und-AntwortEnglisch.pdf\" target=\"_self\" role=\"button\" download=\"Detailinformationen2026MuenchenD-und-AntwortEnglisch.pdf\" aria-label=\"Download registration form (EN)\" rel=\"noopener\">\n\t\t\t\t\t\tDownload registration form (EN)\n\t\t\t\t\t<\/a>\n\t\t\t\t<img decoding=\"async\" loading=\"lazy\" src=\"https:\/\/btb.cc\/muenchen2026\/wp-content\/uploads\/sites\/18\/2026\/01\/HPAllianzArena_EingangSued_2025.jpg\" alt=\"Allianz Arena Eingang S\u00fcd\" itemprop=\"image\" height=\"400\" width=\"600\" title=\"HPAllianzArena_EingangSued_2025\" onerror=\"this.style.display='none'\"  \/>\n\t\t\u00a9 Allianz Arena\n\t\t\t\t<img decoding=\"async\" loading=\"lazy\" src=\"https:\/\/btb.cc\/muenchen2026\/wp-content\/uploads\/sites\/18\/2026\/01\/HPFCB-Museum-Seniorenprogramm-4.jpg\" alt=\"FCB Museum\" itemprop=\"image\" height=\"384\" width=\"600\" title=\"HPFCB Museum Seniorenprogramm (4)\" onerror=\"this.style.display='none'\"  \/>\n\t\t\u00a9 FCB Museum\n\t<h2>Facts and figures<\/h2>\n<p>&nbsp;<\/p>\n\t\t<h3>Exhibitors<\/h3><p>Hotels, sights, tourism regions, DMC\u00b4s, package touroperators, tourism service companies, bus- and coach producers<\/p>\n\t\t<h3>Visitor target groups<\/h3><p>Solely Tourism-professional buyers from bus- and group tour operators, organizer of works outings and club trips. Representatives of specialized press<\/p>\n\t\t<h3>Visitor target countries<\/h3><p>Europe, focus on Germany, Switzerland, Czech Republic, Slovenia and Austria<\/p>\n\t\t<h3>Date<\/h3><p>26. M\u00e4rz 2026<\/p>\n\t\t<h3>Place<\/h3>Allianz Arena<br \/>\nFranz-Beckenbauer-Platz 5<br \/>\nD-80939 Munich<br \/>\nPhone +49 89 69931222<br \/>\nPhone Tel. +43 676 5139631 (Busreisen.cc \/ BTB)\n\t\t<h3>Cooperation and Partners<\/h3>BuCon k.s., Allianz Arena, FC Bayern Museum<br \/>\nMedien: \u00d6Bus, Bus &amp; Hotel Report, Busplaner, Eurobus, Bus Blickpunkt, Omnibus Revue\n\t\t<h3>Organizer<\/h3>MK Tourismuswerbung GmbH Busreisen.cc<br \/>\nMannagettagasse 36<br \/>\nA-2340 M\u00f6dling<br \/>\nTel.: +43 (0)2236 864 944<br \/>\nEmail:\u00a0<a href=\"mailto:info@btb.cc\">info@btb.cc<\/a>\n\t\t<h3>Bank details<\/h3>\u00d6sterreichische Volksbank<br \/>\nBIC: VBOEATWW<br \/>\nIBAN: AT67 4300 0310 5772 0000<br \/>\nUID-Steuernummer: ATU 693 812 15<br \/>\nMitglied der Wirtschaftskammer \u00d6sterreich\n\t<h2>Picture gallery<\/h2>\n<p>&nbsp;<\/p>","protected":false},"excerpt":{"rendered":"<p>BTB &#8211; BUS TRAVEL BUSINESS WORKSHOP M\u00dcNCHEN Das Profil des B.T.B. &#8211; Bus.Travel.Business. &#8211; Workshops &nbsp; Der B.T.B. &#8211; Bus.Travel.Business. Workshop, ist in \u00d6sterreich nach mittlerweile 24 Jahren bereits zu&hellip;<\/p>","protected":false},"author":1,"featured_media":0,"parent":0,"menu_order":0,"comment_status":"closed","ping_status":"closed","template":"","meta":{"footnotes":""},"acf":[],"_links":{"self":[{"href":"https:\/\/btb.cc\/muenchen2026\/en\/wp-json\/wp\/v2\/pages\/273"}],"collection":[{"href":"https:\/\/btb.cc\/muenchen2026\/en\/wp-json\/wp\/v2\/pages"}],"about":[{"href":"https:\/\/btb.cc\/muenchen2026\/en\/wp-json\/wp\/v2\/types\/page"}],"author":[{"embeddable":true,"href":"https:\/\/btb.cc\/muenchen2026\/en\/wp-json\/wp\/v2\/users\/1"}],"replies":[{"embeddable":true,"href":"https:\/\/btb.cc\/muenchen2026\/en\/wp-json\/wp\/v2\/comments?post=273"}],"version-history":[{"count":29,"href":"https:\/\/btb.cc\/muenchen2026\/en\/wp-json\/wp\/v2\/pages\/273\/revisions"}],"predecessor-version":[{"id":1233,"href":"https:\/\/btb.cc\/muenchen2026\/en\/wp-json\/wp\/v2\/pages\/273\/revisions\/1233"}],"wp:attachment":[{"href":"https:\/\/btb.cc\/muenchen2026\/en\/wp-json\/wp\/v2\/media?parent=273"}],"curies":[{"name":"wp","href":"https:\/\/api.w.org\/{rel}","templated":true}]}}