{"id":840,"date":"2024-04-03T10:52:42","date_gmt":"2024-04-03T09:52:42","guid":{"rendered":"https:\/\/btb-dwb.srv06.danubeweb.at\/muenchen2024\/?page_id=840"},"modified":"2026-01-24T13:18:57","modified_gmt":"2026-01-24T12:18:57","slug":"idee-und-vorteile","status":"publish","type":"page","link":"https:\/\/btb.cc\/muenchen2026\/en\/idee-und-vorteile\/","title":{"rendered":"Idee &#038; Vorteile"},"content":{"rendered":"<h1>BTB &#8211; BUS TRAVEL BUSINESS WORKSHOP M\u00dcNCHEN<\/h1>\n\t<h3>The Idea<\/h3>\n<p>In the exclusive setting of the Allianz Arena business club, exhibitors and trade visitors have the opportunity to meet each other in a pleasant atmosphere far away from impersonal grey exhibition halls.\n\nAn equally pleasant evening and supporting program brings people from many European countries together, entertains and provides the background for deepening the contacts made.<\/p>\n<p>&nbsp;<\/p>\n<h3>The advantages<\/h3>\n<p>The advantages for exhibitors and visitors<\/p>\n<ul>\n<li>The Bus workshop in proximity, no hour\u2019s long journey.<\/li>\n<li>Compact and attractive program<\/li>\n<li>Enormous mix of exhibitors<\/li>\n<li>Social and atmospheric Workshop evening<\/li>\n<li>Tourism- and Event organizing experienced team<\/li>\n<li>Precise target group marketing<\/li>\n<li>Unique frame program<\/li>\n<\/ul>\n\t\t\t\t<img decoding=\"async\" loading=\"lazy\" src=\"https:\/\/btb.cc\/muenchen2026\/wp-content\/uploads\/sites\/18\/2026\/01\/Workshop2016nina.jpg\" alt=\"BTB 2016 Allianz Arena\" itemprop=\"image\" height=\"743\" width=\"600\" title=\"Workshop2016nina\" onerror=\"this.style.display='none'\"  \/>","protected":false},"excerpt":{"rendered":"<p>BTB &#8211; BUS TRAVEL BUSINESS WORKSHOP M\u00dcNCHEN Die Idee Im exklusiven Ambiente des Businessclubs der Allianz Arena haben Aussteller und Fachpublikum die M\u00f6glichkeit, einander in angenehmer Atmosph\u00e4re fernab von unpers\u00f6nlichen&hellip;<\/p>","protected":false},"author":1,"featured_media":0,"parent":0,"menu_order":0,"comment_status":"closed","ping_status":"closed","template":"","meta":{"footnotes":""},"acf":[],"_links":{"self":[{"href":"https:\/\/btb.cc\/muenchen2026\/en\/wp-json\/wp\/v2\/pages\/840"}],"collection":[{"href":"https:\/\/btb.cc\/muenchen2026\/en\/wp-json\/wp\/v2\/pages"}],"about":[{"href":"https:\/\/btb.cc\/muenchen2026\/en\/wp-json\/wp\/v2\/types\/page"}],"author":[{"embeddable":true,"href":"https:\/\/btb.cc\/muenchen2026\/en\/wp-json\/wp\/v2\/users\/1"}],"replies":[{"embeddable":true,"href":"https:\/\/btb.cc\/muenchen2026\/en\/wp-json\/wp\/v2\/comments?post=840"}],"version-history":[{"count":5,"href":"https:\/\/btb.cc\/muenchen2026\/en\/wp-json\/wp\/v2\/pages\/840\/revisions"}],"predecessor-version":[{"id":1218,"href":"https:\/\/btb.cc\/muenchen2026\/en\/wp-json\/wp\/v2\/pages\/840\/revisions\/1218"}],"wp:attachment":[{"href":"https:\/\/btb.cc\/muenchen2026\/en\/wp-json\/wp\/v2\/media?parent=840"}],"curies":[{"name":"wp","href":"https:\/\/api.w.org\/{rel}","templated":true}]}}