{"id":279,"date":"2024-03-12T17:07:02","date_gmt":"2024-03-12T16:07:02","guid":{"rendered":"https:\/\/btb-dwb.srv06.danubeweb.at\/muenchen2024\/?page_id=279"},"modified":"2026-01-24T14:18:30","modified_gmt":"2026-01-24T13:18:30","slug":"location","status":"publish","type":"page","link":"https:\/\/btb.cc\/muenchen2026\/location\/","title":{"rendered":"Messeort &#038; Location"},"content":{"rendered":"\n\n\t<h1>BTB &#8211; BUS TRAVEL BUSINESS WORKSHOP M\u00dcNCHEN<\/h1>\n\t<h2>Die wichtigsten Detail-Informationen zur BTB<\/h2>\n<p>&nbsp;<\/p>\n<strong>Workshoport<\/strong><br \/>\nWorkshoport ist 2026 ist der exklusive Businessclub in der Allianz Arena. Vor dem Workshop freuen wir uns sehr, Ihnen im Zuge einer ausf\u00fchrlichen Allianz Arena F\u00fchrung auch das neu gestaltete FC Bayern M\u00fcnchen Museum zeigen zu d\u00fcrfen.\n<p>&nbsp;<\/p>\n<strong>Anfahrtsplan<br \/>\n<\/strong>Allianz Arena<br \/>\nFranz-Beckenbauer-Platz 5<br \/>\nD-80939 M\u00fcnchen<br \/>\n<a href=\"http:\/\/www.allianz-arena.com\">www.allianz-arena.com<\/a>\nTel. +49 89 69931222<br \/>\nTel. +43 676 5139631 (Busreisen.cc vor Ort)\n<p>&nbsp;<\/p>\n<strong>Parken<\/strong><br \/>\nParkpl\u00e4tze (Geb\u00fchrenpflichtig) sind unmittelbar im Parkhaus der Allianz Arena vorhanden.\n<p>&nbsp;<\/p>\n<strong>Ausstellungsfl\u00e4chen:<\/strong><br \/>\nDie Ausstellungsfl\u00e4chen befinden sich im exklusiven Businessclub der Allianz Arena.\n<p>&nbsp;<\/p>\n<strong>Ausstellerplan:<\/strong><br \/>\nAb Anfang M\u00e4rz 2026 finden Sie auf der Homepage unter Hallenplan den aktuellen Ausstellerplan.\n<p>&nbsp;<\/p>\n<h3>Informationen f\u00fcr Aussteller<\/h3>\n<p><strong>\u00dcbernachtung<\/strong><\/p>\n<p>Die B.T.B. hat f\u00fcr Aussteller und G\u00e4ste in der N\u00e4he der Allianz Arena ein Zimmerkontingent zum Spezialpreis eingerichtet. N\u00e4here Informationen und Anfragen unter<strong>\u00a0<a href=\"mailto:info@btb.cc\">info@btb.cc<\/a>.<\/strong><\/p>\n\t\t\t\t<img decoding=\"async\" loading=\"lazy\" src=\"https:\/\/btb.cc\/muenchen2026\/wp-content\/uploads\/sites\/18\/2026\/01\/HPDUC_0205.jpg\" alt=\"Allianz Arena\" itemprop=\"image\" height=\"400\" width=\"600\" title=\"HPDUC_0205\" onerror=\"this.style.display='none'\"  \/>\n\t\t\u00a9 Allianz Arena\n\t\t\t\t<img decoding=\"async\" loading=\"lazy\" src=\"https:\/\/btb.cc\/muenchen2026\/wp-content\/uploads\/sites\/18\/2026\/01\/HPDSC01465_Allianz_Arena_Sussbauer.jpg\" alt=\"\u00a9 Allianz Arena _ Sussbauer\" itemprop=\"image\" height=\"900\" width=\"600\" title=\"HPDSC01465_Allianz_Arena_Sussbauer\" onerror=\"this.style.display='none'\"  \/>\n\t\t\u00a9 Allianz Arena _ Sussbauer\n\n","protected":false},"excerpt":{"rendered":"<p>BTB &#8211; BUS TRAVEL BUSINESS WORKSHOP M\u00dcNCHEN Die wichtigsten Detail-Informationen zur BTB &nbsp; Workshoport Workshoport ist 2026 ist der exklusive Businessclub in der Allianz Arena. Vor dem Workshop freuen wir&hellip;<\/p>\n","protected":false},"author":1,"featured_media":0,"parent":0,"menu_order":0,"comment_status":"closed","ping_status":"closed","template":"","meta":{"footnotes":""},"acf":[],"_links":{"self":[{"href":"https:\/\/btb.cc\/muenchen2026\/wp-json\/wp\/v2\/pages\/279"}],"collection":[{"href":"https:\/\/btb.cc\/muenchen2026\/wp-json\/wp\/v2\/pages"}],"about":[{"href":"https:\/\/btb.cc\/muenchen2026\/wp-json\/wp\/v2\/types\/page"}],"author":[{"embeddable":true,"href":"https:\/\/btb.cc\/muenchen2026\/wp-json\/wp\/v2\/users\/1"}],"replies":[{"embeddable":true,"href":"https:\/\/btb.cc\/muenchen2026\/wp-json\/wp\/v2\/comments?post=279"}],"version-history":[{"count":8,"href":"https:\/\/btb.cc\/muenchen2026\/wp-json\/wp\/v2\/pages\/279\/revisions"}],"predecessor-version":[{"id":1230,"href":"https:\/\/btb.cc\/muenchen2026\/wp-json\/wp\/v2\/pages\/279\/revisions\/1230"}],"wp:attachment":[{"href":"https:\/\/btb.cc\/muenchen2026\/wp-json\/wp\/v2\/media?parent=279"}],"curies":[{"name":"wp","href":"https:\/\/api.w.org\/{rel}","templated":true}]}}