{"id":296,"date":"2024-03-12T17:24:33","date_gmt":"2024-03-12T16:24:33","guid":{"rendered":"https:\/\/btb-dwb.srv06.danubeweb.at\/muenchen2024\/?page_id=296"},"modified":"2026-03-05T08:31:31","modified_gmt":"2026-03-05T07:31:31","slug":"hallenplan","status":"publish","type":"page","link":"https:\/\/btb.cc\/muenchen2026\/hallenplan\/","title":{"rendered":"Hallenplan"},"content":{"rendered":"\n\n\t<h1>BTB &#8211; BUS TRAVEL BUSINESS WORKSHOP M\u00dcNCHEN<\/h1>\n\t<h2><img decoding=\"async\" loading=\"lazy\" src=\"https:\/\/btb.cc\/muenchen2026\/wp-content\/uploads\/sites\/18\/2026\/03\/HallenplanBTBMUC2026-300x118.png\" alt=\"\" width=\"920\" height=\"361\" \/><\/h2>\n<p>&nbsp;<\/p>\n<p><strong>Hier k\u00f6nnen Sie den Tischplan der BTB M\u00fcnchen als PDF downloaden:\u00a0<\/strong><a href=\"https:\/\/btb.cc\/muenchen2026\/wp-content\/uploads\/sites\/18\/2026\/03\/HallenplanBTBMUC2026.pdf\"><strong>HallenplanBTBMUC2026<\/strong><\/a><\/p>\n\n","protected":false},"excerpt":{"rendered":"<p>BTB &#8211; BUS TRAVEL BUSINESS WORKSHOP M\u00dcNCHEN &nbsp; Hier k\u00f6nnen Sie den Tischplan der BTB M\u00fcnchen als PDF downloaden:\u00a0HallenplanBTBMUC2026<\/p>\n","protected":false},"author":1,"featured_media":0,"parent":0,"menu_order":0,"comment_status":"closed","ping_status":"closed","template":"","meta":{"footnotes":""},"acf":[],"_links":{"self":[{"href":"https:\/\/btb.cc\/muenchen2026\/wp-json\/wp\/v2\/pages\/296"}],"collection":[{"href":"https:\/\/btb.cc\/muenchen2026\/wp-json\/wp\/v2\/pages"}],"about":[{"href":"https:\/\/btb.cc\/muenchen2026\/wp-json\/wp\/v2\/types\/page"}],"author":[{"embeddable":true,"href":"https:\/\/btb.cc\/muenchen2026\/wp-json\/wp\/v2\/users\/1"}],"replies":[{"embeddable":true,"href":"https:\/\/btb.cc\/muenchen2026\/wp-json\/wp\/v2\/comments?post=296"}],"version-history":[{"count":13,"href":"https:\/\/btb.cc\/muenchen2026\/wp-json\/wp\/v2\/pages\/296\/revisions"}],"predecessor-version":[{"id":1348,"href":"https:\/\/btb.cc\/muenchen2026\/wp-json\/wp\/v2\/pages\/296\/revisions\/1348"}],"wp:attachment":[{"href":"https:\/\/btb.cc\/muenchen2026\/wp-json\/wp\/v2\/media?parent=296"}],"curies":[{"name":"wp","href":"https:\/\/api.w.org\/{rel}","templated":true}]}}