{"id":273,"date":"2024-03-12T16:54:11","date_gmt":"2024-03-12T15:54:11","guid":{"rendered":"https:\/\/btb-dwb.srv06.danubeweb.at\/stpoelten24\/?page_id=273"},"modified":"2025-07-03T10:35:36","modified_gmt":"2025-07-03T09:35:36","slug":"home","status":"publish","type":"page","link":"https:\/\/btb.cc\/spielberg25\/en\/","title":{"rendered":"Home"},"content":{"rendered":"<h1>BTB &#8211; BUS TRAVEL BUSINESS WORKSHOP \u00d6STERREICH<\/h1>\n\t<h4>Die B.T.B. &#8211; Bus.Travel.Business &#8211; Workshop &#8222;Poleposition Bus&#8220;<\/h4>\n<p>&nbsp;<\/p>\n<p>After <strong>very successful premiere in 2023<\/strong> in a new unique format that has never existed in this form in the bus industry, we are pleased <strong>2025 back at the Red Bull Ring<\/strong> zu Gast zu sein. Unter dem Motto \u201ePoleposition Bus&#8220; bieten wir allen Teilnehmern in Kooperation mit der WK\u00d6 &#8211; Fachverband Luft, Bus Schiff wieder ein besonderes Highlightprogramm:<\/p>\n<ul>\n<li>A trade fair in workshop format with numerous tourism and technology exhibitors from home and abroad<\/li>\n<li>The participants will again have the opportunity to test drive and test buses from all well-known manufacturers on a real Formula 1 race track<\/li>\n<li>An extensive bus exhibition and many tourist exhibitors in the pits of the Red Bull Ring<\/li>\n<li>The Federal Conference of the Austrian Bus Operators (WK\u00d6) and the State Conference of the Styrian Bus Operators will also take place as part of the BTB Workshop<\/li>\n<li>Christmas party of the bus tourism<\/li>\n<li>and many other highlights<\/li>\n<\/ul>\n<p>&nbsp;<\/p>\n<p>The advantages of the BTB workshop at a glance:<\/p>\n<ul>\n<li>is the Austrian and Central European\u00a0<strong>trade fair <\/strong>for the bus and group tourism industry including all supplier and service industries.<br \/>\n[mehr zu den\u00a0<a href=\"\/spielberg25\/en\/stpoelten24\/location\/\">Details<\/a>| mehr zu\u00a0<a href=\"#datenundfakten\">Daten &amp; Fakten<\/a>\u00a0der BTB&#8230;]<\/li>\n<li>offers the ideal platform for exhibitors from all over Europe who want to win new customers or maintain existing customer contacts in the group segment, especially in Central and Eastern Europe<\/li>\n<li>stellt die ideale Erg\u00e4nzung zum derzeitigen Angebot an Messen, Workshops und Ausstellungen dar &#8211; mit pers\u00f6nlicherer Note, entspannter Atmosph\u00e4re, qualitativ hochwertigen Kontakten und guter Kommunikation.<\/li>\n<\/ul>\n\t<a href=\"https:\/\/btb.cc\/spielberg25\/wp-content\/uploads\/sites\/16\/2025\/03\/Anmeldung-BTB-WS-Oesterreich-2025.pdf\" target=\"_self\" role=\"button\" download=\"Anmeldung-BTB-WS-Oesterreich-2025.pdf\" aria-label=\"Download registration form\" rel=\"noopener\">\n\t\t\t\t\t\tDownload registration form\n\t\t\t\t\t<\/a>\n\t\t\t\t<img decoding=\"async\" src=\"https:\/\/btb.cc\/stpoelten25\/wp-content\/uploads\/sites\/16\/2025\/02\/BusseAmRing.jpg\" alt=\"BusseAmRing\" itemprop=\"image\" title=\"BusseAmRing\" onerror=\"this.style.display='none'\"  \/>\n\t\t\t\t<img decoding=\"async\" src=\"https:\/\/btb.cc\/stpoelten25\/wp-content\/uploads\/sites\/16\/2025\/02\/WSRedBullRing3.jpg\" alt=\"WSRedBullRing3\" itemprop=\"image\" title=\"WSRedBullRing3\" onerror=\"this.style.display='none'\"  \/>\n\t\t\t\t<img decoding=\"async\" src=\"https:\/\/btb.cc\/stpoelten25\/wp-content\/uploads\/sites\/16\/2025\/02\/WSRedBullRing2.jpg\" alt=\"WSRedBullRing2\" itemprop=\"image\" title=\"WSRedBullRing2\" onerror=\"this.style.display='none'\"  \/>\n\t\t\t\t<img decoding=\"async\" src=\"https:\/\/btb.cc\/stpoelten25\/wp-content\/uploads\/sites\/16\/2025\/02\/WSRedBullRing.jpg\" alt=\"WSRedBullRing\" itemprop=\"image\" title=\"WSRedBullRing\" onerror=\"this.style.display='none'\"  \/>\n\t<h2>Facts and figures<\/h2>\n<p>&nbsp;<\/p>\n\t\t<h3>Exhibitors<\/h3><p>Tourism, hotel and catering businesses as well as service and supplier companies, vehicle and supplier industries<\/p>\n\t\t<h3>Visitor target groups<\/h3><p>Solely Tourism-professional buyers from bus- and group tour operators, organizer of works outings and club trips. Representatives of specialized press<\/p>\n\t\t<h3>Visitor target countries<\/h3><p>Austria, Slovakia, Hungary, Slovenia, Czech Republic, Germany and Switzerland<\/p>\n\t\t<h3>Date<\/h3><p>2025 November, 17.-18.<\/p>\n\t\t<h3>Place<\/h3>PROJEKT SPIELBERG GMBH &amp; CO KG<br \/>\nRed Bull Ring Stra\u00dfe 1<br \/>\n8724, Spielberg<br \/>\nSteiermark<br \/>\nTel: +43 3577 202<br \/>\nTel: +43 676 5139631 (Busreisen.cc vor Ort)<br \/>\n<a href=\"https:\/\/www.redbullring.com\">www.redbullring.com<\/a>\n\t\t<h3>Cooperation and Partners<\/h3><p>WKO Bus.Luft.Schiff, BuCon k.s. Medien: \u00d6Bus, Bus &amp; Hotel Report, T.A.I., Busplaner, Eurobus, Bus Blickpunkt, Omnibus Revue<\/p>\n\t\t<h3>Organizer<\/h3>MK Tourismuswerbung GmbH Busreisen.cc<br \/>\nMannagettagasse 36<br \/>\nA-2340 M\u00f6dling<br \/>\nTel.: +43 (0)2236 864 944<br \/>\nEmail:\u00a0<a href=\"mailto:info@btb.cc\">info@btb.cc<\/a>\n\t\t<h3>Bank details<\/h3>\u00d6sterreichische Volksbank<br \/>\nBIC: VBOEATWW<br \/>\nIBAN: AT67 4300 0310 5772 0000<br \/>\nUID-Steuernummer: ATU 693 812 15<br \/>\nMitglied der Wirtschaftskammer \u00d6sterreich\n\t<h2>Picture gallery<\/h2>\n<p>&nbsp;<\/p>","protected":false},"excerpt":{"rendered":"<p>BTB &#8211; BUS TRAVEL BUSINESS WORKSHOP \u00d6STERREICH Die B.T.B. &#8211; Bus.Travel.Business &#8211; Workshop &#8222;Poleposition Bus&#8220; &nbsp; Nach einer sehr erfolgreichen Premiere 2023 in ein neues einzigartiges Format, das es so&hellip;<\/p>","protected":false},"author":1,"featured_media":0,"parent":0,"menu_order":0,"comment_status":"closed","ping_status":"closed","template":"","meta":{"footnotes":""},"acf":[],"_links":{"self":[{"href":"https:\/\/btb.cc\/spielberg25\/en\/wp-json\/wp\/v2\/pages\/273"}],"collection":[{"href":"https:\/\/btb.cc\/spielberg25\/en\/wp-json\/wp\/v2\/pages"}],"about":[{"href":"https:\/\/btb.cc\/spielberg25\/en\/wp-json\/wp\/v2\/types\/page"}],"author":[{"embeddable":true,"href":"https:\/\/btb.cc\/spielberg25\/en\/wp-json\/wp\/v2\/users\/1"}],"replies":[{"embeddable":true,"href":"https:\/\/btb.cc\/spielberg25\/en\/wp-json\/wp\/v2\/comments?post=273"}],"version-history":[{"count":33,"href":"https:\/\/btb.cc\/spielberg25\/en\/wp-json\/wp\/v2\/pages\/273\/revisions"}],"predecessor-version":[{"id":1364,"href":"https:\/\/btb.cc\/spielberg25\/en\/wp-json\/wp\/v2\/pages\/273\/revisions\/1364"}],"wp:attachment":[{"href":"https:\/\/btb.cc\/spielberg25\/en\/wp-json\/wp\/v2\/media?parent=273"}],"curies":[{"name":"wp","href":"https:\/\/api.w.org\/{rel}","templated":true}]}}