{"id":279,"date":"2024-03-12T17:07:02","date_gmt":"2024-03-12T16:07:02","guid":{"rendered":"https:\/\/btb-dwb.srv06.danubeweb.at\/stpoelten24\/?page_id=279"},"modified":"2025-02-26T13:01:27","modified_gmt":"2025-02-26T12:01:27","slug":"location","status":"publish","type":"page","link":"https:\/\/btb.cc\/spielberg25\/en\/location\/","title":{"rendered":"Messeort &#038; Location"},"content":{"rendered":"<h1>BTB &#8211; BUS TRAVEL BUSINESS WORKSHOP \u00d6STERREICH<\/h1>\n\t<h2>Important information\u2019s regarding the BTB Workshop<\/h2>\n<p>&nbsp;<\/p>\n<strong>Venue of the workshop<br \/>\n<\/strong>The historic and adrenaline-charged atmosphere of the Red Bull Ring not only inspires drivers, engineers and fans all over the world. But the Red Bull Ring is not just the home of various motorsport events. Here you can experience pure action 365 days a year. With the varied driving experiences and incentives with and without motors, everyone gets their money's worth. Whether winter or summer, the Red Bull Ring is always worth a visit.<br \/>\nWir freuen uns sehr im Zuge unseres Workshops Ihnen diesen besonderen Ort der \u00f6sterreichischen Automobil &#8211; Rennsportgeschichte vorstellen zu k\u00f6nnen.\n<p>&nbsp;<\/p>\n<strong>Adresse Veranstaltungsort<br \/>\n<\/strong>PROJEKT SPIELBERG GMBH &amp; CO KG<br \/>\nRed Bull Ring Stra\u00dfe 1<br \/>\n8724, Spielberg<br \/>\nSteiermark<br \/>\nTel: +43 3577 202<br \/>\nTel: +43 676 5139631 (Busreisen.cc vor Ort)<br \/>\n<a href=\"https:\/\/www.redbullring.com\">www.redbullring.com<\/a>\n<p>&nbsp;<\/p>\n<strong>Parking<br \/>\n<\/strong>There are sufficient free parking spaces available for all participants in front of the ring area.\n<p>&nbsp;<\/p>\n<strong>Exhibit Space<br \/>\n<\/strong>The exhibition areas are located in the pits of the Red Bull Ring.\n<p>&nbsp;<\/p>\n<strong>Exhibitor Plan<br \/>\n<\/strong>From the end of October 2025, you will find the current exhibitor plan on the homepage under Hall Plan.\n<p>&nbsp;<\/p>\n<h3>Informations for Exhibitors<\/h3>\n<strong>Overnight stay<br \/>\n<\/strong>The B.T.B. has set up a room contingent for exhibitors and guests near the Red Bull Ring at a special price. A shuttle bus takes exhibitors and visitors from the workshop hotels to the Red Bull Ring and back to the hotels. You are welcome to view the current hotel list at <a href=\"mailto:info@btb.cc\">info@btb.cc<\/a>\u00a0request.\n\t\t\t\t<img decoding=\"async\" loading=\"lazy\" src=\"https:\/\/btb.cc\/stpoelten25\/wp-content\/uploads\/sites\/16\/2025\/02\/IMG_4511.jpg\" alt=\"IMG_4511\" itemprop=\"image\" height=\"1512\" width=\"2016\" title=\"IMG_4511\" onerror=\"this.style.display='none'\"  \/>\n\t\t\t\t<img decoding=\"async\" loading=\"lazy\" src=\"https:\/\/btb.cc\/stpoelten25\/wp-content\/uploads\/sites\/16\/2025\/02\/WSRedBullRing2.jpg\" alt=\"WSRedBullRing2\" itemprop=\"image\" height=\"900\" width=\"1200\" title=\"WSRedBullRing2\" onerror=\"this.style.display='none'\"  \/>\n\t\t\t\t<img decoding=\"async\" loading=\"lazy\" src=\"https:\/\/btb.cc\/stpoelten25\/wp-content\/uploads\/sites\/16\/2025\/02\/WSRedBullRing3.jpg\" alt=\"WSRedBullRing3\" itemprop=\"image\" height=\"1029\" width=\"1200\" title=\"WSRedBullRing3\" onerror=\"this.style.display='none'\"  \/>","protected":false},"excerpt":{"rendered":"<p>BTB &#8211; BUS TRAVEL BUSINESS WORKSHOP \u00d6STERREICH Die wichtigsten Detail-Informationen zur BTB &nbsp; Workshoport Die geschichtstr\u00e4chtige und adrenalingeladene Atmosph\u00e4re des Red Bull Ring begeistert nicht nur Fahrer, Ingenieure und Fans&hellip;<\/p>","protected":false},"author":1,"featured_media":0,"parent":0,"menu_order":0,"comment_status":"closed","ping_status":"closed","template":"","meta":{"footnotes":""},"acf":[],"_links":{"self":[{"href":"https:\/\/btb.cc\/spielberg25\/en\/wp-json\/wp\/v2\/pages\/279"}],"collection":[{"href":"https:\/\/btb.cc\/spielberg25\/en\/wp-json\/wp\/v2\/pages"}],"about":[{"href":"https:\/\/btb.cc\/spielberg25\/en\/wp-json\/wp\/v2\/types\/page"}],"author":[{"embeddable":true,"href":"https:\/\/btb.cc\/spielberg25\/en\/wp-json\/wp\/v2\/users\/1"}],"replies":[{"embeddable":true,"href":"https:\/\/btb.cc\/spielberg25\/en\/wp-json\/wp\/v2\/comments?post=279"}],"version-history":[{"count":8,"href":"https:\/\/btb.cc\/spielberg25\/en\/wp-json\/wp\/v2\/pages\/279\/revisions"}],"predecessor-version":[{"id":1140,"href":"https:\/\/btb.cc\/spielberg25\/en\/wp-json\/wp\/v2\/pages\/279\/revisions\/1140"}],"wp:attachment":[{"href":"https:\/\/btb.cc\/spielberg25\/en\/wp-json\/wp\/v2\/media?parent=279"}],"curies":[{"name":"wp","href":"https:\/\/api.w.org\/{rel}","templated":true}]}}