{"id":279,"date":"2024-03-12T17:07:02","date_gmt":"2024-03-12T16:07:02","guid":{"rendered":"https:\/\/btb-dwb.srv06.danubeweb.at\/stpoelten24\/?page_id=279"},"modified":"2025-02-26T13:01:27","modified_gmt":"2025-02-26T12:01:27","slug":"location","status":"publish","type":"page","link":"https:\/\/btb.cc\/spielberg25\/location\/","title":{"rendered":"Messeort &#038; Location"},"content":{"rendered":"\n\n\t<h1>BTB &#8211; BUS TRAVEL BUSINESS WORKSHOP \u00d6STERREICH<\/h1>\n\t<h2>Die wichtigsten Detail-Informationen zur BTB<\/h2>\n<p>&nbsp;<\/p>\n<strong>Workshoport<br \/>\n<\/strong>Die geschichtstr\u00e4chtige und adrenalingeladene Atmosph\u00e4re des Red Bull Ring begeistert nicht nur Fahrer, Ingenieure und Fans auf der ganzen Welt gleicherma\u00dfen. Aber der Red Bull Ring ist nicht nur das Zuhause diverser Motosportevents. Hier kann man 365 Tage im Jahr Action pur Erleben. Bei den abwechslungsreichen Fahrerlebnissen und Incentives mit und ohne Motor kommt jeder auf seine Kosten. Egal ob Winter oder Sommer, der Red Bull Ring ist immer einen Besuch wert.<br \/>\nWir freuen uns sehr im Zuge unseres Workshops Ihnen diesen besonderen Ort der \u00f6sterreichischen Automobil &#8211; Rennsportgeschichte vorstellen zu k\u00f6nnen.\n<p>&nbsp;<\/p>\n<strong>Adresse Veranstaltungsort<br \/>\n<\/strong>PROJEKT SPIELBERG GMBH &amp; CO KG<br \/>\nRed Bull Ring Stra\u00dfe 1<br \/>\n8724, Spielberg<br \/>\nSteiermark<br \/>\nTel: +43 3577 202<br \/>\nTel: +43 676 5139631 (Busreisen.cc vor Ort)<br \/>\n<a href=\"https:\/\/www.redbullring.com\">www.redbullring.com<\/a>\n<p>&nbsp;<\/p>\n<strong>Parken<br \/>\n<\/strong>Es stehen allen Teilnehmern ausreichend kostenlose Parkpl\u00e4tze vor dem Ringgel\u00e4nde zur Verf\u00fcgung.\n<p>&nbsp;<\/p>\n<strong>Ausstellungsfl\u00e4chen:<br \/>\n<\/strong>Die Ausstellungsfl\u00e4chen befinden sich den Boxen des Red Bull Rings.\n<p>&nbsp;<\/p>\n<strong>Ausstellerplan:<br \/>\n<\/strong>Ab Ende Oktober 2025 finden Sie auf der Homepage unter Hallenplan den aktuellen Ausstellerplan.\n<p>&nbsp;<\/p>\n<h3>Informationen f\u00fcr Aussteller<\/h3>\n<strong>\u00dcbernachtung<br \/>\n<\/strong>Die B.T.B. hat f\u00fcr Aussteller und G\u00e4ste in der N\u00e4he des Red Bull Rings ein Zimmerkontingent zum Spezialpreis eingerichtet. Ein Shuttle Bus bringt die Aussteller und Besucher von den Workshophotels zum Red Bull Ring und wieder zur\u00fcck in die Hotels. Gerne k\u00f6nnen Sie die aktuelle Hotelliste unter <a href=\"mailto:info@btb.cc\">info@btb.cc<\/a>\u00a0anfordern.\n\t\t\t\t<img decoding=\"async\" loading=\"lazy\" src=\"https:\/\/btb.cc\/stpoelten25\/wp-content\/uploads\/sites\/16\/2025\/02\/IMG_4511.jpg\" alt=\"IMG_4511\" itemprop=\"image\" height=\"1512\" width=\"2016\" title=\"IMG_4511\" onerror=\"this.style.display='none'\"  \/>\n\t\t\t\t<img decoding=\"async\" loading=\"lazy\" src=\"https:\/\/btb.cc\/stpoelten25\/wp-content\/uploads\/sites\/16\/2025\/02\/WSRedBullRing2.jpg\" alt=\"WSRedBullRing2\" itemprop=\"image\" height=\"900\" width=\"1200\" title=\"WSRedBullRing2\" onerror=\"this.style.display='none'\"  \/>\n\t\t\t\t<img decoding=\"async\" loading=\"lazy\" src=\"https:\/\/btb.cc\/stpoelten25\/wp-content\/uploads\/sites\/16\/2025\/02\/WSRedBullRing3.jpg\" alt=\"WSRedBullRing3\" itemprop=\"image\" height=\"1029\" width=\"1200\" title=\"WSRedBullRing3\" onerror=\"this.style.display='none'\"  \/>\n\n","protected":false},"excerpt":{"rendered":"<p>BTB &#8211; BUS TRAVEL BUSINESS WORKSHOP \u00d6STERREICH Die wichtigsten Detail-Informationen zur BTB &nbsp; Workshoport Die geschichtstr\u00e4chtige und adrenalingeladene Atmosph\u00e4re des Red Bull Ring begeistert nicht nur Fahrer, Ingenieure und Fans&hellip;<\/p>\n","protected":false},"author":1,"featured_media":0,"parent":0,"menu_order":0,"comment_status":"closed","ping_status":"closed","template":"","meta":{"footnotes":""},"acf":[],"_links":{"self":[{"href":"https:\/\/btb.cc\/spielberg25\/wp-json\/wp\/v2\/pages\/279"}],"collection":[{"href":"https:\/\/btb.cc\/spielberg25\/wp-json\/wp\/v2\/pages"}],"about":[{"href":"https:\/\/btb.cc\/spielberg25\/wp-json\/wp\/v2\/types\/page"}],"author":[{"embeddable":true,"href":"https:\/\/btb.cc\/spielberg25\/wp-json\/wp\/v2\/users\/1"}],"replies":[{"embeddable":true,"href":"https:\/\/btb.cc\/spielberg25\/wp-json\/wp\/v2\/comments?post=279"}],"version-history":[{"count":8,"href":"https:\/\/btb.cc\/spielberg25\/wp-json\/wp\/v2\/pages\/279\/revisions"}],"predecessor-version":[{"id":1140,"href":"https:\/\/btb.cc\/spielberg25\/wp-json\/wp\/v2\/pages\/279\/revisions\/1140"}],"wp:attachment":[{"href":"https:\/\/btb.cc\/spielberg25\/wp-json\/wp\/v2\/media?parent=279"}],"curies":[{"name":"wp","href":"https:\/\/api.w.org\/{rel}","templated":true}]}}