{"id":273,"date":"2024-03-12T16:54:11","date_gmt":"2024-03-12T15:54:11","guid":{"rendered":"https:\/\/btb-dwb.srv06.danubeweb.at\/stpoelten24\/?page_id=273"},"modified":"2026-01-24T15:31:54","modified_gmt":"2026-01-24T14:31:54","slug":"home","status":"publish","type":"page","link":"https:\/\/btb.cc\/stpoelten26\/en\/","title":{"rendered":"Home"},"content":{"rendered":"<h1>BTB &#8211; BUS TRAVEL BUSINESS WORKSHOP \u00d6STERREICH<\/h1>\n\t<h4>Die B.T.B. &#8211; Bus.Travel.Business &#8211; Workshop &#8222;Poleposition Bus&#8220;<\/h4>\n<p>&nbsp;<\/p>\n<p>Bereits zum 2. Mal findet unser BTB Workshop nun im Wechsel mit der \u201ePoleposition Bus&#8220; in Spielberg im VAZ in St. P\u00f6lten statt. \u00a0Was erwartet Sie als Teilnehmer beim BTB &#8211; Workshop in St. P\u00f6lten:<\/p>\n<ul>\n<li>Eine Fachmesse in Workshopformat mit zahlreichen touristischen- und noch mehr Technikausstellern sowie Busherstellern aus dem In- und Ausland (im VAZ St. P\u00f6lten &#8211; alle Aussteller in einer Halle inkl. Technik und Bushersteller)<\/li>\n<li>Welcome evening on November 9, 2026 (please note: limited places available)<\/li>\n<li>Gro\u00dfer Nieder\u00f6sterreich &#8211; Workshopabend mit Live Musik und Kulinarik Verkostungsst\u00e4nden am 10.11.2026 im VAZ St. P\u00f6lten (Achtung! Begrenzte Pl\u00e4tze)<\/li>\n<li>Cultural and culinary program in St. P\u00f6lten on November 9, 2026, in the afternoon<\/li>\n<li>Erlebnis &#8211; Touren durch Nieder\u00f6sterreich f\u00fcr Fachbesucher am 11.11.2026<\/li>\n<\/ul>\n<p>&nbsp;<\/p>\n<p>&nbsp;<\/p>\n<p>The advantages of the BTB workshop at a glance:<\/p>\n<ul>\n<li>is the Austrian and Central European\u00a0<strong>trade fair<\/strong>for the bus and group tourism industry including all supplier and service industries.<br \/>\n[mehr zu den\u00a0<a href=\"\/stpoelten26\/en\/stpoelten24\/location\/\">Details<\/a>| mehr zu\u00a0<a href=\"#datenundfakten\">Daten &amp; Fakten<\/a>\u00a0der BTB&#8230;]<\/li>\n<li>offers the ideal platform for exhibitors from all over Europe who want to win new customers or maintain existing customer contacts in the group segment, especially in Central and Eastern Europe<\/li>\n<li>stellt die ideale Erg\u00e4nzung zum derzeitigen Angebot an Messen, Workshops und Ausstellungen dar &#8211; mit pers\u00f6nlicherer Note, entspannter Atmosph\u00e4re, qualitativ hochwertigen Kontakten und guter Kommunikation.<\/li>\n<\/ul>\n<p><a href=\"https:\/\/btb.cc\/stpoelten26\/wp-content\/uploads\/sites\/17\/2026\/01\/DetailinformationenAnmeldung2026St.Poelten.pdf\">Download registration form<\/a><\/p>\n\t\t\t\t<img decoding=\"async\" loading=\"lazy\" src=\"https:\/\/btb.cc\/stpoelten26\/wp-content\/uploads\/sites\/17\/2026\/01\/BTBWS2024_IncoCzech.jpg\" alt=\"BTB Worshop VAZ St. P\u00f6lten 2024\" itemprop=\"image\" height=\"450\" width=\"600\" title=\"BTBWS2024_IncoCzech\" onerror=\"this.style.display='none'\"  \/>\n\t\t\t\t<img decoding=\"async\" loading=\"lazy\" src=\"https:\/\/btb.cc\/stpoelten26\/wp-content\/uploads\/sites\/17\/2026\/01\/BTBWS2024_Abend.jpg\" alt=\"BTB Worshop VAZ St. P\u00f6lten 2024 Abend\" itemprop=\"image\" height=\"450\" width=\"600\" title=\"BTBWS2024_Abend\" onerror=\"this.style.display='none'\"  \/>\n\t\t\t\t<img decoding=\"async\" loading=\"lazy\" src=\"https:\/\/btb.cc\/stpoelten26\/wp-content\/uploads\/sites\/17\/2024\/04\/1Genuss-Duett_Rathausplatz-c-SEPA.Media-KG-Barbara-Seiberl-Stark.jpg\" alt=\"\u00a9 SEPA.Media KG Barbara Seiberl-Stark\" itemprop=\"image\" height=\"720\" width=\"1080\" title=\"1Genuss Duett_Rathausplatz (c) SEPA.Media KG Barbara Seiberl-Stark\" onerror=\"this.style.display='none'\"  \/>\n\t\t\u00a9 SEPA.Media KG Barbara Seiberl-Stark\n\t\t\t\t<img decoding=\"async\" loading=\"lazy\" src=\"https:\/\/btb.cc\/stpoelten26\/wp-content\/uploads\/sites\/17\/2024\/04\/Herrenplatz-Foto-SEPA-Media_-Seiberl-Starkl.jpg\" alt=\"\u00a9 SEPA.Media KG Barbara Seiberl-Stark\" itemprop=\"image\" height=\"721\" width=\"1080\" title=\"Herrenplatz - Foto SEPA Media_ Seiberl Starkl\" onerror=\"this.style.display='none'\"  \/>\n\t\t\u00a9 SEPA.Media KG Barbara Seiberl-Stark\n\t<h2>Facts and figures<\/h2>\n<p>&nbsp;<\/p>\n\t\t<h3>Exhibitors<\/h3><p>Tourism, hotel and catering businesses as well as service and supplier companies, vehicle and supplier industries<\/p>\n\t\t<h3>Visitor target groups<\/h3><p>Solely Tourism-professional buyers from bus- and group tour operators, organizer of works outings and club trips. Representatives of specialized press<\/p>\n\t\t<h3>Visitor target countries<\/h3><p>Austria, Slovakia, Hungary, Slovenia, Czech Republic, Germany and Switzerland<\/p>\n\t\t<h3>Date<\/h3><p>November 6, 2024<\/p>\n\t\t<h3>Place<\/h3>VAZ St. P\u00f6lten<br \/>\nKelsengasse 9<br \/>\n3100 St. P\u00f6lten<br \/>\nTel: +43 (0)2742 &#8211; 714 00<br \/>\nTel: +43 (0)676 513 96 31<br \/>\n(Busreisen.cc vor Ort)<br \/>\n<a href=\"http:\/\/www.vaz.at\">www.vaz.at<\/a>\n\t\t<h3>Cooperation and Partners<\/h3><p>Lower Austria advertising, tourism St. P\u00f6lten, BuCon k.s. Media: \u00d6Bus, Bus &amp; Hotel Report, T.A.I., Busplaner, Eurobus, Bus Blickpunkt, Omnibus Revue<\/p>\n\t\t<h3>Organizer<\/h3>MK Tourismuswerbung GmbH Busreisen.cc<br \/>\nMannagettagasse 36<br \/>\nA-2340 M\u00f6dling<br \/>\nTel.: +43 (0)2236 864 944<br \/>\nFax: +43 (0)2236 865 073<br \/>\nEmail:\u00a0<a href=\"mailto:info@btb.cc\">info@btb.cc<\/a>\n\t\t<h3>Bank details<\/h3>\u00d6sterreichische Volksbank<br \/>\nBIC: VBOEATWW<br \/>\nIBAN: AT67 4300 0310 5772 0000<br \/>\nUID-Steuernummer: ATU 693 812 15<br \/>\nMitglied der Wirtschaftskammer \u00d6sterreich\n\t<h2>Picture gallery<\/h2>\n<p>&nbsp;<\/p>","protected":false},"excerpt":{"rendered":"<p>BTB &#8211; BUS TRAVEL BUSINESS WORKSHOP \u00d6STERREICH Die B.T.B. &#8211; Bus.Travel.Business &#8211; Workshop &#8222;Poleposition Bus&#8220; &nbsp; Bereits zum 2. Mal findet unser BTB Workshop nun im Wechsel mit der \u201ePoleposition&hellip;<\/p>","protected":false},"author":1,"featured_media":0,"parent":0,"menu_order":0,"comment_status":"closed","ping_status":"closed","template":"","meta":{"footnotes":""},"acf":[],"_links":{"self":[{"href":"https:\/\/btb.cc\/stpoelten26\/en\/wp-json\/wp\/v2\/pages\/273"}],"collection":[{"href":"https:\/\/btb.cc\/stpoelten26\/en\/wp-json\/wp\/v2\/pages"}],"about":[{"href":"https:\/\/btb.cc\/stpoelten26\/en\/wp-json\/wp\/v2\/types\/page"}],"author":[{"embeddable":true,"href":"https:\/\/btb.cc\/stpoelten26\/en\/wp-json\/wp\/v2\/users\/1"}],"replies":[{"embeddable":true,"href":"https:\/\/btb.cc\/stpoelten26\/en\/wp-json\/wp\/v2\/comments?post=273"}],"version-history":[{"count":26,"href":"https:\/\/btb.cc\/stpoelten26\/en\/wp-json\/wp\/v2\/pages\/273\/revisions"}],"predecessor-version":[{"id":1136,"href":"https:\/\/btb.cc\/stpoelten26\/en\/wp-json\/wp\/v2\/pages\/273\/revisions\/1136"}],"wp:attachment":[{"href":"https:\/\/btb.cc\/stpoelten26\/en\/wp-json\/wp\/v2\/media?parent=273"}],"curies":[{"name":"wp","href":"https:\/\/api.w.org\/{rel}","templated":true}]}}