{"id":285,"date":"2024-03-12T17:14:37","date_gmt":"2024-03-12T16:14:37","guid":{"rendered":"https:\/\/btb-dwb.srv06.danubeweb.at\/stpoelten24\/?page_id=285"},"modified":"2026-01-24T15:40:31","modified_gmt":"2026-01-24T14:40:31","slug":"standinfo","status":"publish","type":"page","link":"https:\/\/btb.cc\/stpoelten26\/standinfo\/","title":{"rendered":"Standinfo"},"content":{"rendered":"\n\n\t<h1>BTB &#8211; BUS TRAVEL BUSINESS WORKSHOP \u00d6STERREICH<\/h1>\n\t<h2>Standinfo<\/h2>\n<p>&nbsp;<\/p>\n<p>Beim BTB Workshop k\u00f6nnen Sie als Aussteller zum Unterschied von Messen einzelne Tische buchen. Das Workshop Format erm\u00f6glicht Ausstellern und Eink\u00e4ufern einen lockeren und unkomplizierten Kontakt miteinander. (Siehe Beispielbilder nebenan)<\/p>\n<p>Bei allen Workshoptischen sind eine Listung im Ausstellerverzeichnis auf der BTB Messehomepage, sowie ein Grundeintrag im Messekatalog und 2 Ausstellerkarten inklusive. Jeder Tisch kann mit max. 2 Personen besetzt werden.<\/p>\n<p>Es gibt auch die M\u00f6glichkeit sich einen Tisch mit einem 2. Aussteller zu teilen.<\/p>\n<p>&nbsp;<\/p>\n<p><a href=\"https:\/\/btb.cc\/stpoelten26\/wp-content\/uploads\/sites\/17\/2026\/01\/DetailinformationenAnmeldung2026St.Poelten.pdf\">Anmeldeformular downloaden<\/a><\/p>\n\t\t\t\t<img decoding=\"async\" loading=\"lazy\" src=\"https:\/\/btb.cc\/stpoelten26\/wp-content\/uploads\/sites\/17\/2026\/01\/BTBWS2024_WolffOst.jpg\" alt=\"BTB Worshop VAZ St. P\u00f6lten 2024\" itemprop=\"image\" height=\"399\" width=\"600\" title=\"BTBWS2024_WolffOst\" onerror=\"this.style.display='none'\"  \/>\n\n","protected":false},"excerpt":{"rendered":"<p>BTB &#8211; BUS TRAVEL BUSINESS WORKSHOP \u00d6STERREICH Standinfo &nbsp; Beim BTB Workshop k\u00f6nnen Sie als Aussteller zum Unterschied von Messen einzelne Tische buchen. Das Workshop Format erm\u00f6glicht Ausstellern und Eink\u00e4ufern&hellip;<\/p>\n","protected":false},"author":1,"featured_media":0,"parent":0,"menu_order":0,"comment_status":"closed","ping_status":"closed","template":"","meta":{"footnotes":""},"acf":[],"_links":{"self":[{"href":"https:\/\/btb.cc\/stpoelten26\/wp-json\/wp\/v2\/pages\/285"}],"collection":[{"href":"https:\/\/btb.cc\/stpoelten26\/wp-json\/wp\/v2\/pages"}],"about":[{"href":"https:\/\/btb.cc\/stpoelten26\/wp-json\/wp\/v2\/types\/page"}],"author":[{"embeddable":true,"href":"https:\/\/btb.cc\/stpoelten26\/wp-json\/wp\/v2\/users\/1"}],"replies":[{"embeddable":true,"href":"https:\/\/btb.cc\/stpoelten26\/wp-json\/wp\/v2\/comments?post=285"}],"version-history":[{"count":13,"href":"https:\/\/btb.cc\/stpoelten26\/wp-json\/wp\/v2\/pages\/285\/revisions"}],"predecessor-version":[{"id":1140,"href":"https:\/\/btb.cc\/stpoelten26\/wp-json\/wp\/v2\/pages\/285\/revisions\/1140"}],"wp:attachment":[{"href":"https:\/\/btb.cc\/stpoelten26\/wp-json\/wp\/v2\/media?parent=285"}],"curies":[{"name":"wp","href":"https:\/\/api.w.org\/{rel}","templated":true}]}}